{"id":11,"date":"2023-05-03T12:59:21","date_gmt":"2023-05-03T10:59:21","guid":{"rendered":"https:\/\/edu-cours.com\/?page_id=11"},"modified":"2023-05-05T17:36:20","modified_gmt":"2023-05-05T15:36:20","slug":"nos-services","status":"publish","type":"page","link":"https:\/\/edu-cours.com\/index.php\/nos-services\/","title":{"rendered":"Nos services"},"content":{"rendered":"<p>[et_pb_section fb_built=&#8221;1&#8243; admin_label=&#8221;Project&#8221; _builder_version=&#8221;4.12.1&#8243; background_color=&#8221;#0dc7e8&#8243; background_enable_image=&#8221;off&#8221; background_size=&#8221;initial&#8221; background_position=&#8221;bottom_center&#8221; overflow-x=&#8221;hidden&#8221; overflow-y=&#8221;hidden&#8221; global_colors_info=&#8221;{}&#8221;][et_pb_row _builder_version=&#8221;4.4.5&#8243; global_colors_info=&#8221;{}&#8221;][et_pb_column type=&#8221;4_4&#8243; _builder_version=&#8221;4.4.5&#8243; custom_padding=&#8221;||||false|false&#8221; global_colors_info=&#8221;{}&#8221;][et_pb_image src=&#8221;http:\/\/edu-cours.com\/wp-content\/uploads\/2023\/05\/freelance-writer-22.png&#8221; title_text=&#8221;freelance-writer-22&#8243; _builder_version=&#8221;4.4.5&#8243; positioning=&#8221;absolute&#8221; width=&#8221;100%&#8221; custom_margin=&#8221;|||-25vw|false|false&#8221; global_colors_info=&#8221;{}&#8221;][\/et_pb_image][et_pb_text _builder_version=&#8221;4.4.5&#8243; header_2_font=&#8221;Cutive||||||||&#8221; header_2_text_color=&#8221;#000000&#8243; header_2_font_size=&#8221;60px&#8221; header_2_line_height=&#8221;1.3em&#8221; z_index=&#8221;1&#8243; header_2_font_size_tablet=&#8221;42px&#8221; header_2_font_size_phone=&#8221;30px&#8221; header_2_font_size_last_edited=&#8221;on|tablet&#8221; header_2_line_height_tablet=&#8221;1.5em&#8221; header_2_line_height_phone=&#8221;1.5em&#8221; header_2_line_height_last_edited=&#8221;on|phone&#8221; global_colors_info=&#8221;{}&#8221;]<\/p>\n<h2>Nos services<\/h2>\n<p>[\/et_pb_text][\/et_pb_column][\/et_pb_row][et_pb_row _builder_version=&#8221;4.12.1&#8243; global_colors_info=&#8221;{}&#8221;][et_pb_column type=&#8221;4_4&#8243; _builder_version=&#8221;4.4.5&#8243; global_colors_info=&#8221;{}&#8221;][et_pb_text _builder_version=&#8221;4.4.5&#8243; text_font=&#8221;Cutive||||||||&#8221; text_text_color=&#8221;#000000&#8243; text_line_height=&#8221;2em&#8221; header_2_text_color=&#8221;#000000&#8243; custom_margin=&#8221;||20px||false|false&#8221; text_font_size_tablet=&#8221;&#8221; text_font_size_phone=&#8221;13px&#8221; text_font_size_last_edited=&#8221;on|phone&#8221; locked=&#8221;off&#8221; global_colors_info=&#8221;{}&#8221;]<\/p>\n<p><span>Edu Cours propose des cours particuliers \u00e0 domicile dans toutes les mati\u00e8res scolaires, pour les \u00e9l\u00e8ves du primaire au sup\u00e9rieur. Les cours sont dispens\u00e9s par des enseignants qualifi\u00e9s et exp\u00e9riment\u00e9s, s\u00e9lectionn\u00e9s pour leur p\u00e9dagogie et leur capacit\u00e9 \u00e0 s&#8217;adapter aux besoins de chaque \u00e9l\u00e8ve. Edu Cours propose \u00e9galement des cours de soutien, de remise \u00e0 niveau et de pr\u00e9paration aux examens, ainsi que des stages intensifs pendant les vacances scolaires. Les tarifs sont attractifs et l&#8217;entreprise offre la possibilit\u00e9 de r\u00e9gler en plusieurs fois sans frais.<\/span><\/p>\n<p>[\/et_pb_text][et_pb_button button_url=&#8221;#plus&#8221; button_text=&#8221;En savoir plus&#8221; _builder_version=&#8221;4.12.1&#8243; custom_button=&#8221;on&#8221; button_text_size=&#8221;14px&#8221; button_text_color=&#8221;#000000&#8243; button_bg_color=&#8221;#ffffff&#8221; button_border_color=&#8221;#000000&#8243; button_border_radius=&#8221;0px&#8221; button_letter_spacing=&#8221;2px&#8221; button_font=&#8221;Ubuntu|700||on|||||&#8221; button_icon=&#8221;%%3%%&#8221; custom_margin_tablet=&#8221;30px||50px||false|false&#8221; custom_margin_last_edited=&#8221;off|desktop&#8221; custom_padding=&#8221;15px|40px|15px|40px|true|true&#8221; box_shadow_style=&#8221;preset4&#8243; box_shadow_color=&#8221;#000000&#8243; locked=&#8221;off&#8221; global_colors_info=&#8221;{}&#8221;][\/et_pb_button][\/et_pb_column][\/et_pb_row][\/et_pb_section][et_pb_section fb_built=&#8221;1&#8243; admin_label=&#8221;Services&#8221; module_id=&#8221;plus&#8221; _builder_version=&#8221;4.12.1&#8243; global_colors_info=&#8221;{}&#8221;][et_pb_row _builder_version=&#8221;4.12.1&#8243; custom_margin=&#8221;||30px||false|false&#8221; global_colors_info=&#8221;{}&#8221;][et_pb_column type=&#8221;4_4&#8243; _builder_version=&#8221;4.4.5&#8243; global_colors_info=&#8221;{}&#8221;][et_pb_blurb title=&#8221;Cours particuliers&#8221; use_icon=&#8221;on&#8221; font_icon=&#8221;%%258%%&#8221; icon_color=&#8221;#0dc7e8&#8243; icon_placement=&#8221;left&#8221; content_max_width=&#8221;100%&#8221; image_max_width_tablet=&#8221;&#8221; image_max_width_phone=&#8221;36px&#8221; image_max_width_last_edited=&#8221;on|phone&#8221; _builder_version=&#8221;4.12.1&#8243; header_font=&#8221;Ubuntu||||||||&#8221; header_text_color=&#8221;#000000&#8243; header_font_size=&#8221;24px&#8221; header_line_height=&#8221;1.4em&#8221; body_font=&#8221;Cutive||||||||&#8221; body_text_color=&#8221;#000000&#8243; body_line_height=&#8221;1.8em&#8221; custom_margin=&#8221;||0px||false|false&#8221; animation=&#8221;off&#8221; header_font_size_tablet=&#8221;20px&#8221; header_font_size_phone=&#8221;18px&#8221; header_font_size_last_edited=&#8221;on|phone&#8221; header_line_height_tablet=&#8221;1.6em&#8221; header_line_height_phone=&#8221;1.8em&#8221; header_line_height_last_edited=&#8221;on|phone&#8221; body_font_size_tablet=&#8221;&#8221; body_font_size_phone=&#8221;12px&#8221; body_font_size_last_edited=&#8221;on|phone&#8221; global_colors_info=&#8221;{}&#8221;]<\/p>\n<p>Des cours individuels sur mesure dispens\u00e9s par des enseignants qualifi\u00e9s pour accompagner l&#8217;\u00e9l\u00e8ve dans sa progression.<\/p>\n<p>[\/et_pb_blurb][\/et_pb_column][\/et_pb_row][et_pb_row _builder_version=&#8221;4.12.1&#8243; custom_margin=&#8221;||30px||false|false&#8221; global_colors_info=&#8221;{}&#8221;][et_pb_column type=&#8221;4_4&#8243; _builder_version=&#8221;4.4.5&#8243; global_colors_info=&#8221;{}&#8221;][et_pb_blurb title=&#8221;Cours en groupe&#8221; use_icon=&#8221;on&#8221; font_icon=&#8221;%%259%%&#8221; icon_color=&#8221;#0dc7e8&#8243; icon_placement=&#8221;left&#8221; content_max_width=&#8221;100%&#8221; image_max_width_tablet=&#8221;&#8221; image_max_width_phone=&#8221;36px&#8221; image_max_width_last_edited=&#8221;on|phone&#8221; _builder_version=&#8221;4.12.1&#8243; header_font=&#8221;Ubuntu||||||||&#8221; header_text_color=&#8221;#000000&#8243; header_font_size=&#8221;24px&#8221; header_line_height=&#8221;1.4em&#8221; body_font=&#8221;Cutive||||||||&#8221; body_text_color=&#8221;#000000&#8243; body_line_height=&#8221;1.8em&#8221; custom_margin=&#8221;||0px||false|false&#8221; animation=&#8221;off&#8221; header_font_size_tablet=&#8221;20px&#8221; header_font_size_phone=&#8221;18px&#8221; header_font_size_last_edited=&#8221;on|phone&#8221; header_line_height_tablet=&#8221;1.6em&#8221; header_line_height_phone=&#8221;1.8em&#8221; header_line_height_last_edited=&#8221;on|phone&#8221; body_font_size_tablet=&#8221;&#8221; body_font_size_phone=&#8221;12px&#8221; body_font_size_last_edited=&#8221;on|phone&#8221; global_colors_info=&#8221;{}&#8221;]<\/p>\n<p>Des cours en petits groupes pour favoriser les \u00e9changes et les interactions entre les \u00e9l\u00e8ves.<\/p>\n<p>[\/et_pb_blurb][\/et_pb_column][\/et_pb_row][et_pb_row _builder_version=&#8221;4.12.1&#8243; custom_margin=&#8221;||30px||false|false&#8221; global_colors_info=&#8221;{}&#8221;][et_pb_column type=&#8221;4_4&#8243; _builder_version=&#8221;4.4.5&#8243; global_colors_info=&#8221;{}&#8221;][et_pb_blurb title=&#8221;Stages intensifs&#8221; use_icon=&#8221;on&#8221; font_icon=&#8221;%%305%%&#8221; icon_color=&#8221;#0dc7e8&#8243; icon_placement=&#8221;left&#8221; content_max_width=&#8221;100%&#8221; image_max_width_tablet=&#8221;&#8221; image_max_width_phone=&#8221;36px&#8221; image_max_width_last_edited=&#8221;on|phone&#8221; _builder_version=&#8221;4.12.1&#8243; header_font=&#8221;Ubuntu||||||||&#8221; header_text_color=&#8221;#000000&#8243; header_font_size=&#8221;24px&#8221; header_line_height=&#8221;1.4em&#8221; body_font=&#8221;Cutive||||||||&#8221; body_text_color=&#8221;#000000&#8243; body_line_height=&#8221;1.8em&#8221; custom_margin=&#8221;||0px||false|false&#8221; animation=&#8221;off&#8221; header_font_size_tablet=&#8221;20px&#8221; header_font_size_phone=&#8221;18px&#8221; header_font_size_last_edited=&#8221;on|phone&#8221; header_line_height_tablet=&#8221;1.6em&#8221; header_line_height_phone=&#8221;1.8em&#8221; header_line_height_last_edited=&#8221;on|phone&#8221; body_font_size_tablet=&#8221;&#8221; body_font_size_phone=&#8221;12px&#8221; body_font_size_last_edited=&#8221;on|phone&#8221; global_colors_info=&#8221;{}&#8221;]<\/p>\n<p>Des stages intensifs pendant les vacances scolaires pour renforcer les connaissances et pr\u00e9parer les examens.<\/p>\n<p>[\/et_pb_blurb][\/et_pb_column][\/et_pb_row][et_pb_row _builder_version=&#8221;4.12.1&#8243; custom_margin=&#8221;||30px||false|false&#8221; global_colors_info=&#8221;{}&#8221;][et_pb_column type=&#8221;4_4&#8243; _builder_version=&#8221;4.4.5&#8243; global_colors_info=&#8221;{}&#8221;][et_pb_blurb title=&#8221;Orientation scolaire&#8221; use_icon=&#8221;on&#8221; font_icon=&#8221;%%276%%&#8221; icon_color=&#8221;#0dc7e8&#8243; icon_placement=&#8221;left&#8221; content_max_width=&#8221;100%&#8221; image_max_width_tablet=&#8221;&#8221; image_max_width_phone=&#8221;36px&#8221; image_max_width_last_edited=&#8221;on|phone&#8221; _builder_version=&#8221;4.12.1&#8243; header_font=&#8221;Ubuntu||||||||&#8221; header_text_color=&#8221;#000000&#8243; header_font_size=&#8221;24px&#8221; header_line_height=&#8221;1.4em&#8221; body_font=&#8221;Cutive||||||||&#8221; body_text_color=&#8221;#000000&#8243; body_line_height=&#8221;1.8em&#8221; custom_margin=&#8221;||0px||false|false&#8221; animation=&#8221;off&#8221; header_font_size_tablet=&#8221;20px&#8221; header_font_size_phone=&#8221;18px&#8221; header_font_size_last_edited=&#8221;on|phone&#8221; header_line_height_tablet=&#8221;1.6em&#8221; header_line_height_phone=&#8221;1.8em&#8221; header_line_height_last_edited=&#8221;on|phone&#8221; body_font_size_tablet=&#8221;&#8221; body_font_size_phone=&#8221;12px&#8221; body_font_size_last_edited=&#8221;on|phone&#8221; global_colors_info=&#8221;{}&#8221;]<\/p>\n<p>Des conseils pour aider les \u00e9l\u00e8ves \u00e0 choisir leur orientation scolaire et professionnelle.\u00a0<\/p>\n<p>[\/et_pb_blurb][\/et_pb_column][\/et_pb_row][et_pb_row _builder_version=&#8221;4.12.1&#8243; custom_margin=&#8221;||30px||false|false&#8221; global_colors_info=&#8221;{}&#8221;][et_pb_column type=&#8221;4_4&#8243; _builder_version=&#8221;4.4.5&#8243; global_colors_info=&#8221;{}&#8221;][et_pb_blurb title=&#8221;Pr\u00e9paration aux examens&#8221; use_icon=&#8221;on&#8221; font_icon=&#8221;%%254%%&#8221; icon_color=&#8221;#0dc7e8&#8243; icon_placement=&#8221;left&#8221; content_max_width=&#8221;100%&#8221; image_max_width_tablet=&#8221;&#8221; image_max_width_phone=&#8221;36px&#8221; image_max_width_last_edited=&#8221;on|phone&#8221; _builder_version=&#8221;4.12.1&#8243; header_font=&#8221;Ubuntu||||||||&#8221; header_text_color=&#8221;#000000&#8243; header_font_size=&#8221;24px&#8221; header_line_height=&#8221;1.4em&#8221; body_font=&#8221;Cutive||||||||&#8221; body_text_color=&#8221;#000000&#8243; body_line_height=&#8221;1.8em&#8221; custom_margin=&#8221;||0px||false|false&#8221; animation=&#8221;off&#8221; header_font_size_tablet=&#8221;20px&#8221; header_font_size_phone=&#8221;18px&#8221; header_font_size_last_edited=&#8221;on|phone&#8221; header_line_height_tablet=&#8221;1.6em&#8221; header_line_height_phone=&#8221;1.8em&#8221; header_line_height_last_edited=&#8221;on|phone&#8221; body_font_size_tablet=&#8221;&#8221; body_font_size_phone=&#8221;12px&#8221; body_font_size_last_edited=&#8221;on|phone&#8221; global_colors_info=&#8221;{}&#8221;]<\/p>\n<p>Des programmes de pr\u00e9paration aux examens pour aider les \u00e9l\u00e8ves \u00e0 r\u00e9ussir leurs examens.<\/p>\n<p>[\/et_pb_blurb][\/et_pb_column][\/et_pb_row][et_pb_row _builder_version=&#8221;4.12.1&#8243; custom_margin=&#8221;||30px||false|false&#8221; global_colors_info=&#8221;{}&#8221;][et_pb_column type=&#8221;4_4&#8243; _builder_version=&#8221;4.4.5&#8243; global_colors_info=&#8221;{}&#8221;][et_pb_blurb title=&#8221;Aide aux devoirs&#8221; use_icon=&#8221;on&#8221; font_icon=&#8221;%%277%%&#8221; icon_color=&#8221;#0dc7e8&#8243; icon_placement=&#8221;left&#8221; content_max_width=&#8221;100%&#8221; image_max_width_tablet=&#8221;&#8221; image_max_width_phone=&#8221;36px&#8221; image_max_width_last_edited=&#8221;on|phone&#8221; _builder_version=&#8221;4.12.1&#8243; header_font=&#8221;Ubuntu||||||||&#8221; header_text_color=&#8221;#000000&#8243; header_font_size=&#8221;24px&#8221; header_line_height=&#8221;1.4em&#8221; body_font=&#8221;Cutive||||||||&#8221; body_text_color=&#8221;#000000&#8243; body_line_height=&#8221;1.8em&#8221; custom_margin=&#8221;||0px||false|false&#8221; animation=&#8221;off&#8221; header_font_size_tablet=&#8221;20px&#8221; header_font_size_phone=&#8221;18px&#8221; header_font_size_last_edited=&#8221;on|phone&#8221; header_line_height_tablet=&#8221;1.6em&#8221; header_line_height_phone=&#8221;1.8em&#8221; header_line_height_last_edited=&#8221;on|phone&#8221; body_font_size_tablet=&#8221;&#8221; body_font_size_phone=&#8221;12px&#8221; body_font_size_last_edited=&#8221;on|phone&#8221; global_colors_info=&#8221;{}&#8221;]<\/p>\n<p>Une aide aux devoirs pour accompagner les \u00e9l\u00e8ves dans leur travail quotidien et leur permettre de consolider leurs acquis.<\/p>\n<p>[\/et_pb_blurb][\/et_pb_column][\/et_pb_row][\/et_pb_section][et_pb_section fb_built=&#8221;1&#8243; admin_label=&#8221;Testimonials&#8221; _builder_version=&#8221;4.12.1&#8243; global_colors_info=&#8221;{}&#8221;][et_pb_row _builder_version=&#8221;4.12.1&#8243; background_color=&#8221;#0dc7e8&#8243; background_image=&#8221;http:\/\/edu-cours.com\/wp-content\/uploads\/2023\/05\/quotes.png&#8221; background_size=&#8221;initial&#8221; background_position=&#8221;center_left&#8221; custom_padding=&#8221;5px|||||&#8221; locked=&#8221;off&#8221; global_colors_info=&#8221;{}&#8221;][et_pb_column type=&#8221;4_4&#8243; _builder_version=&#8221;4.4.5&#8243; global_colors_info=&#8221;{}&#8221;][et_pb_slider use_bg_overlay=&#8221;off&#8221; use_text_overlay=&#8221;off&#8221; arrows_custom_color=&#8221;#000000&#8243; dot_nav_custom_color=&#8221;#000000&#8243; _builder_version=&#8221;4.12.1&#8243; header_font=&#8221;Cutive||||||||&#8221; header_text_color=&#8221;#000000&#8243; header_font_size=&#8221;24px&#8221; header_line_height=&#8221;1.6em&#8221; body_font=&#8221;Ubuntu|700|||||||&#8221; body_text_color=&#8221;#000000&#8243; body_font_size=&#8221;18px&#8221; body_line_height=&#8221;1.8em&#8221; background_enable_color=&#8221;off&#8221; custom_padding=&#8221;141px||141px||true|false&#8221; custom_padding_tablet=&#8221;20px||50px||false|false&#8221; custom_padding_phone=&#8221;0px|0px|10px|0px|false|true&#8221; custom_padding_last_edited=&#8221;on|phone&#8221; header_font_size_tablet=&#8221;14px&#8221; header_font_size_phone=&#8221;18px&#8221; header_font_size_last_edited=&#8221;on|tablet&#8221; header_line_height_tablet=&#8221;1.8em&#8221; header_line_height_phone=&#8221;1.8em&#8221; header_line_height_last_edited=&#8221;on|phone&#8221; body_font_size_tablet=&#8221;16px&#8221; body_font_size_phone=&#8221;14px&#8221; body_font_size_last_edited=&#8221;on|tablet&#8221; header_text_shadow_style=&#8221;preset5&#8243; header_text_shadow_color=&#8221;rgba(0,0,0,0)&#8221; body_text_shadow_style=&#8221;preset5&#8243; body_text_shadow_color=&#8221;rgba(0,0,0,0)&#8221; global_colors_info=&#8221;{}&#8221;][et_pb_slide heading=&#8221;La connaissance s&#8217;accro\u00eet quand on la partage&#8221; _builder_version=&#8221;4.4.5&#8243; background_color=&#8221;rgba(0,0,0,0)&#8221; background_enable_color=&#8221;on&#8221; background_enable_image=&#8221;off&#8221; background_size=&#8221;contain&#8221; background_position=&#8221;bottom_left&#8221; global_colors_info=&#8221;{}&#8221; sticky_transition=&#8221;on&#8221;]<\/p>\n<p>Socrate<\/p>\n<p>[\/et_pb_slide][et_pb_slide heading=&#8221;L&#8217;\u00e9ducation est l&#8217;arme la plus puissante que l&#8217;on puisse utiliser pour changer le monde&#8221; _builder_version=&#8221;4.4.5&#8243; background_color=&#8221;rgba(0,0,0,0)&#8221; background_enable_color=&#8221;on&#8221; global_colors_info=&#8221;{}&#8221; sticky_transition=&#8221;on&#8221;]<\/p>\n<p>Nelson Mandela<\/p>\n<p>[\/et_pb_slide][\/et_pb_slider][\/et_pb_column][\/et_pb_row][\/et_pb_section]<\/p>\n","protected":false},"excerpt":{"rendered":"<p>Nos servicesEdu Cours propose des cours particuliers \u00e0 domicile dans toutes les mati\u00e8res scolaires, pour les \u00e9l\u00e8ves du primaire au sup\u00e9rieur. Les cours sont dispens\u00e9s par des enseignants qualifi\u00e9s et exp\u00e9riment\u00e9s, s\u00e9lectionn\u00e9s pour leur p\u00e9dagogie et leur capacit\u00e9 \u00e0 s&#8217;adapter aux besoins de chaque \u00e9l\u00e8ve. Edu Cours propose \u00e9galement des cours de soutien, de remise [&hellip;]<\/p>\n","protected":false},"author":1,"featured_media":0,"parent":0,"menu_order":0,"comment_status":"closed","ping_status":"closed","template":"","meta":{"_et_pb_use_builder":"on","_et_pb_old_content":"","_et_gb_content_width":""},"yoast_head":"<!-- This site is optimized with the Yoast SEO plugin v20.6 - https:\/\/yoast.com\/wordpress\/plugins\/seo\/ -->\n<title>Nos services - edu-cours.com<\/title>\n<meta name=\"robots\" content=\"index, follow, max-snippet:-1, max-image-preview:large, max-video-preview:-1\" \/>\n<link rel=\"canonical\" href=\"https:\/\/edu-cours.com\/index.php\/nos-services\/\" \/>\n<meta property=\"og:locale\" content=\"en_US\" \/>\n<meta property=\"og:type\" content=\"article\" \/>\n<meta property=\"og:title\" content=\"Nos services - edu-cours.com\" \/>\n<meta property=\"og:description\" content=\"Nos servicesEdu Cours propose des cours particuliers \u00e0 domicile dans toutes les mati\u00e8res scolaires, pour les \u00e9l\u00e8ves du primaire au sup\u00e9rieur. Les cours sont dispens\u00e9s par des enseignants qualifi\u00e9s et exp\u00e9riment\u00e9s, s\u00e9lectionn\u00e9s pour leur p\u00e9dagogie et leur capacit\u00e9 \u00e0 s&#039;adapter aux besoins de chaque \u00e9l\u00e8ve. Edu Cours propose \u00e9galement des cours de soutien, de remise [&hellip;]\" \/>\n<meta property=\"og:url\" content=\"https:\/\/edu-cours.com\/index.php\/nos-services\/\" \/>\n<meta property=\"og:site_name\" content=\"edu-cours.com\" \/>\n<meta property=\"article:modified_time\" content=\"2023-05-05T15:36:20+00:00\" \/>\n<meta name=\"twitter:card\" content=\"summary_large_image\" \/>\n<script type=\"application\/ld+json\" class=\"yoast-schema-graph\">{\"@context\":\"https:\/\/schema.org\",\"@graph\":[{\"@type\":\"WebPage\",\"@id\":\"https:\/\/edu-cours.com\/index.php\/nos-services\/\",\"url\":\"https:\/\/edu-cours.com\/index.php\/nos-services\/\",\"name\":\"Nos services - edu-cours.com\",\"isPartOf\":{\"@id\":\"https:\/\/edu-cours.com\/#website\"},\"datePublished\":\"2023-05-03T10:59:21+00:00\",\"dateModified\":\"2023-05-05T15:36:20+00:00\",\"breadcrumb\":{\"@id\":\"https:\/\/edu-cours.com\/index.php\/nos-services\/#breadcrumb\"},\"inLanguage\":\"en-US\",\"potentialAction\":[{\"@type\":\"ReadAction\",\"target\":[\"https:\/\/edu-cours.com\/index.php\/nos-services\/\"]}]},{\"@type\":\"BreadcrumbList\",\"@id\":\"https:\/\/edu-cours.com\/index.php\/nos-services\/#breadcrumb\",\"itemListElement\":[{\"@type\":\"ListItem\",\"position\":1,\"name\":\"Accueil\",\"item\":\"https:\/\/edu-cours.com\/\"},{\"@type\":\"ListItem\",\"position\":2,\"name\":\"Nos services\"}]},{\"@type\":\"WebSite\",\"@id\":\"https:\/\/edu-cours.com\/#website\",\"url\":\"https:\/\/edu-cours.com\/\",\"name\":\"edu-cours.com\",\"description\":\"\",\"potentialAction\":[{\"@type\":\"SearchAction\",\"target\":{\"@type\":\"EntryPoint\",\"urlTemplate\":\"https:\/\/edu-cours.com\/?s={search_term_string}\"},\"query-input\":\"required name=search_term_string\"}],\"inLanguage\":\"en-US\"}]}<\/script>\n<!-- \/ Yoast SEO plugin. -->","yoast_head_json":{"title":"Nos services - edu-cours.com","robots":{"index":"index","follow":"follow","max-snippet":"max-snippet:-1","max-image-preview":"max-image-preview:large","max-video-preview":"max-video-preview:-1"},"canonical":"https:\/\/edu-cours.com\/index.php\/nos-services\/","og_locale":"en_US","og_type":"article","og_title":"Nos services - edu-cours.com","og_description":"Nos servicesEdu Cours propose des cours particuliers \u00e0 domicile dans toutes les mati\u00e8res scolaires, pour les \u00e9l\u00e8ves du primaire au sup\u00e9rieur. Les cours sont dispens\u00e9s par des enseignants qualifi\u00e9s et exp\u00e9riment\u00e9s, s\u00e9lectionn\u00e9s pour leur p\u00e9dagogie et leur capacit\u00e9 \u00e0 s'adapter aux besoins de chaque \u00e9l\u00e8ve. Edu Cours propose \u00e9galement des cours de soutien, de remise [&hellip;]","og_url":"https:\/\/edu-cours.com\/index.php\/nos-services\/","og_site_name":"edu-cours.com","article_modified_time":"2023-05-05T15:36:20+00:00","twitter_card":"summary_large_image","schema":{"@context":"https:\/\/schema.org","@graph":[{"@type":"WebPage","@id":"https:\/\/edu-cours.com\/index.php\/nos-services\/","url":"https:\/\/edu-cours.com\/index.php\/nos-services\/","name":"Nos services - edu-cours.com","isPartOf":{"@id":"https:\/\/edu-cours.com\/#website"},"datePublished":"2023-05-03T10:59:21+00:00","dateModified":"2023-05-05T15:36:20+00:00","breadcrumb":{"@id":"https:\/\/edu-cours.com\/index.php\/nos-services\/#breadcrumb"},"inLanguage":"en-US","potentialAction":[{"@type":"ReadAction","target":["https:\/\/edu-cours.com\/index.php\/nos-services\/"]}]},{"@type":"BreadcrumbList","@id":"https:\/\/edu-cours.com\/index.php\/nos-services\/#breadcrumb","itemListElement":[{"@type":"ListItem","position":1,"name":"Accueil","item":"https:\/\/edu-cours.com\/"},{"@type":"ListItem","position":2,"name":"Nos services"}]},{"@type":"WebSite","@id":"https:\/\/edu-cours.com\/#website","url":"https:\/\/edu-cours.com\/","name":"edu-cours.com","description":"","potentialAction":[{"@type":"SearchAction","target":{"@type":"EntryPoint","urlTemplate":"https:\/\/edu-cours.com\/?s={search_term_string}"},"query-input":"required name=search_term_string"}],"inLanguage":"en-US"}]}},"_links":{"self":[{"href":"https:\/\/edu-cours.com\/index.php\/wp-json\/wp\/v2\/pages\/11"}],"collection":[{"href":"https:\/\/edu-cours.com\/index.php\/wp-json\/wp\/v2\/pages"}],"about":[{"href":"https:\/\/edu-cours.com\/index.php\/wp-json\/wp\/v2\/types\/page"}],"author":[{"embeddable":true,"href":"https:\/\/edu-cours.com\/index.php\/wp-json\/wp\/v2\/users\/1"}],"replies":[{"embeddable":true,"href":"https:\/\/edu-cours.com\/index.php\/wp-json\/wp\/v2\/comments?post=11"}],"version-history":[{"count":12,"href":"https:\/\/edu-cours.com\/index.php\/wp-json\/wp\/v2\/pages\/11\/revisions"}],"predecessor-version":[{"id":130,"href":"https:\/\/edu-cours.com\/index.php\/wp-json\/wp\/v2\/pages\/11\/revisions\/130"}],"wp:attachment":[{"href":"https:\/\/edu-cours.com\/index.php\/wp-json\/wp\/v2\/media?parent=11"}],"curies":[{"name":"wp","href":"https:\/\/api.w.org\/{rel}","templated":true}]}}